{"id":15,"date":"2016-11-09T14:05:17","date_gmt":"2016-11-09T14:05:17","guid":{"rendered":"https:\/\/pastalpina.426.agency\/?page_id=15"},"modified":"2025-05-22T19:20:43","modified_gmt":"2025-05-22T19:20:43","slug":"home","status":"publish","type":"page","link":"https:\/\/www.pastalpina.com\/it\/","title":{"rendered":"Home"},"content":{"rendered":"<p>Willkommen in der Pastalpina Manufaktur Seit 2013 bieten wir aus Meisterhand und mit Leidenschaft gefertigte handgezogene Grissini und traditionell hergestelltes, aus unterschiedlichen Kulturen inspiriertes Brot. Unsere kleine Manufaktur hat sich der Verarbeitung fast vergessener Getreidesorten wie Einkorn, Emmer, Buchweizen &amp; Co. verschrieben. Dadurch erhalten unsere Spezialit\u00e4ten einen besonderen und eigenst\u00e4ndigen Charakter. Unsere wichtigsten Zutaten sind naturbelassene, gut gereifte Mehle, frisch vermahlene Vollkornmehle, Zeit in der Teige reifen und nat\u00fcrlich die Liebe und Freude bei der Herstellung. Dass wir auf jeglicher Art von Zusatzstoffen, Vorprodukten wie Backmischungen und \u00c4hnliches verzichten, ist f\u00fcr uns selbstverst\u00e4ndlich. &nbsp; Hier backt der Chef \u00fcber 25 Jahre internationale Erfahrung in der B\u00e4ckerei &#8220;Alexander Gross&#8221; PASTA GRISSINI BROT<\/p>","protected":false},"excerpt":{"rendered":"<p>Willkommen in der Pastalpina Manufaktur Seit 2013 bieten wir aus Meisterhand und mit Leidenschaft gefertigte handgezogene Grissini und traditionell hergestelltes, aus unterschiedlichen Kulturen inspiriertes Brot. Unsere kleine Manufaktur hat sich der Verarbeitung fast vergessener Getreidesorten wie Einkorn, Emmer, Buchweizen &amp; Co. verschrieben. Dadurch erhalten unsere Spezialit\u00e4ten einen besonderen und eigenst\u00e4ndigen Charakter. Unsere wichtigsten Zutaten sind &hellip;<\/p>","protected":false},"author":1,"featured_media":0,"parent":0,"menu_order":0,"comment_status":"closed","ping_status":"closed","template":"","meta":[],"_links":{"self":[{"href":"https:\/\/www.pastalpina.com\/it\/wp-json\/wp\/v2\/pages\/15"}],"collection":[{"href":"https:\/\/www.pastalpina.com\/it\/wp-json\/wp\/v2\/pages"}],"about":[{"href":"https:\/\/www.pastalpina.com\/it\/wp-json\/wp\/v2\/types\/page"}],"author":[{"embeddable":true,"href":"https:\/\/www.pastalpina.com\/it\/wp-json\/wp\/v2\/users\/1"}],"replies":[{"embeddable":true,"href":"https:\/\/www.pastalpina.com\/it\/wp-json\/wp\/v2\/comments?post=15"}],"version-history":[{"count":66,"href":"https:\/\/www.pastalpina.com\/it\/wp-json\/wp\/v2\/pages\/15\/revisions"}],"predecessor-version":[{"id":3967,"href":"https:\/\/www.pastalpina.com\/it\/wp-json\/wp\/v2\/pages\/15\/revisions\/3967"}],"wp:attachment":[{"href":"https:\/\/www.pastalpina.com\/it\/wp-json\/wp\/v2\/media?parent=15"}],"curies":[{"name":"wp","href":"https:\/\/api.w.org\/{rel}","templated":true}]}}