{"id":3800,"date":"2021-04-16T10:09:11","date_gmt":"2021-04-16T10:09:11","guid":{"rendered":"https:\/\/pastalpina.426.agency\/?page_id=3800"},"modified":"2021-04-20T13:17:15","modified_gmt":"2021-04-20T13:17:15","slug":"datenschutz","status":"publish","type":"page","link":"https:\/\/www.pastalpina.com\/it\/datenschutz\/","title":{"rendered":"Protezione dei dati"},"content":{"rendered":"<p>Datenschutz INFORMATIONEN ZU DEN DATENSCHUTZBESTIMMUNGEN 1) Einleitung 2) Datenverantwortlicher 3) Welche personenbezogenen Daten wir erfassen 4) Wof\u00fcr, warum und wie lange wir ihre personenbezogenen Daten verwenden 5) Sicherheit Ihrer personenbezogenen Daten 6) Weitergabe Ihrer personenbezogenen Daten 7) Cookies und Webseitennachverfolgung 8) Datenschutzbeauftragter 9) Ihr Recht auf Datenschutz 10) \u00c4nderung an der Datenschutzerkl\u00e4rung 11) Gesetzesbezug 1) Einleitung Die PASTALPINA GmbH hat sich dem Schutz Ihrer Daten sowie der von Ihnen mit-geteilten Daten verpflichtet und nimmt seine Verantwortung bez\u00fcglich der Sicherheit von Kunden-daten sehr ernst. Wir verhalten uns klar und transparent bez\u00fcglich der Informationen, die wir er-heben, und wie wir diese Informationen nutzen. Diese Datenschutzerkl\u00e4rung legt Folgendes fest: &#8211; Welche personenbezogenen Daten wir in Verbindung mit der mit Ihnen bestehenden Gesch\u00e4ftsbeziehung als Kunde erheben und verarbeiten; &#8211; Woher wir die Daten beziehen; &#8211; Was wir mit den Daten tun; &#8211; Wie wir die Daten speichern; &#8211; An wen wir diese Daten \u00fcbertragen\/weitergeben; &#8211; Wie wir mit Ihren Datenschutzrechten umgehen; &#8211; Und wie wir die Datenschutzbestimmungen einhalten. Alle personenbezogenen Daten werden gem\u00e4\u00df den geltenden EU-Verordnungen (aktuelle Verordnung 2016\/679 \u2013 DSGVO) und etwaiger nationaler Bestimmungen zur Umsetzung derselben, erfasst und verarbeitet. Die Einwilligung zur Bearbeitung und Einholung Ihrer pers\u00f6nlichen Daten erfolgt bei der Auftragserteilung an die PASTALPINA GmbH 2) Verantwortlicher der Datenverarbeitung Inhaber und Verantwortlicher f\u00fcr die Datenverarbeitung und f\u00fcr alle pers\u00f6nlichen Informationen, die gesammelt und verarbeitet werden, ist die PASTALPINA GmbH mit Sitz in Lana (BZ), Industriezone 8, Eintragungsnummer im Handelsregister der Handelskammer von Bozen und Steuernummer 02799180217 (in dieser Erkl\u00e4rung bezeichnet als \u201ewir\u201c, \u201euns\u201c, \u201eunser\u201c oder \u201ePASTALPINA GmbH\u201e) Welche personenbezogenen Daten wir erfassen Als Daten verstehen sich alle Informationen betreffend den Kunden, <a href=\"https:\/\/www.pastalpina.com\/it\/datenschutz\/\" title=\"Read more on Datenschutz\" class=\"more-link\">read more<\/a><\/p>","protected":false},"excerpt":{"rendered":"<p>Datenschutz INFORMATIONEN ZU DEN DATENSCHUTZBESTIMMUNGEN 1) Einleitung 2) Datenverantwortlicher 3) Welche personenbezogenen Daten wir erfassen 4) Wof\u00fcr, warum und wie lange wir ihre personenbezogenen Daten verwenden 5) Sicherheit Ihrer personenbezogenen Daten 6) Weitergabe Ihrer personenbezogenen Daten 7) Cookies und Webseitennachverfolgung 8) Datenschutzbeauftragter 9) Ihr Recht auf Datenschutz 10) \u00c4nderung an der Datenschutzerkl\u00e4rung 11) Gesetzesbezug 1) &hellip;<\/p>","protected":false},"author":1,"featured_media":0,"parent":0,"menu_order":0,"comment_status":"closed","ping_status":"closed","template":"","meta":[],"_links":{"self":[{"href":"https:\/\/www.pastalpina.com\/it\/wp-json\/wp\/v2\/pages\/3800"}],"collection":[{"href":"https:\/\/www.pastalpina.com\/it\/wp-json\/wp\/v2\/pages"}],"about":[{"href":"https:\/\/www.pastalpina.com\/it\/wp-json\/wp\/v2\/types\/page"}],"author":[{"embeddable":true,"href":"https:\/\/www.pastalpina.com\/it\/wp-json\/wp\/v2\/users\/1"}],"replies":[{"embeddable":true,"href":"https:\/\/www.pastalpina.com\/it\/wp-json\/wp\/v2\/comments?post=3800"}],"version-history":[{"count":2,"href":"https:\/\/www.pastalpina.com\/it\/wp-json\/wp\/v2\/pages\/3800\/revisions"}],"predecessor-version":[{"id":3816,"href":"https:\/\/www.pastalpina.com\/it\/wp-json\/wp\/v2\/pages\/3800\/revisions\/3816"}],"wp:attachment":[{"href":"https:\/\/www.pastalpina.com\/it\/wp-json\/wp\/v2\/media?parent=3800"}],"curies":[{"name":"wp","href":"https:\/\/api.w.org\/{rel}","templated":true}]}}