{"id":3864,"date":"2021-04-29T14:08:47","date_gmt":"2021-04-29T14:08:47","guid":{"rendered":"https:\/\/pastalpina.426.agency\/?page_id=3864"},"modified":"2021-05-12T10:49:47","modified_gmt":"2021-05-12T10:49:47","slug":"brot","status":"publish","type":"page","link":"https:\/\/www.pastalpina.com\/it\/brot\/","title":{"rendered":"Pane"},"content":{"rendered":"<p>Brot Unser Brot wird aus Dinkelteigen hergestellt, die nach der Teigbereitung erstmal ruhen. Bis zu 48 Stunden kann es schon mal dauern, bis der Teig zur Verarbeitung kommt. Mindestens aber sind es 24 Stunden. Das Brot finden sie in den Filialen von Pur S\u00fcdtirol Mugelen aus Dinkelmehl Inhaltsstoffe: Dinkelmehl*(65%), Wasser, Meersalz, natives Oliven\u00f6l extra *, Hefe* Mugelen gro\u00df aus Dinkelmehl Inhaltsstoffe: Dinkelmehl*(65%), Wasser, Meersalz, natives Oliven\u00f6l extra *, Hefe* Baguette aus Dinkelmehl Inhaltsstoffe: Dinkelmehl*(65%), Wasser, Meersalz, natives Oliven\u00f6l extra *, Hefe* Baguette dunkel aus Dinkelmehl und Dinkelvollkornmehl Inhaltsstoffe: Wasser, Dinkelmehl*(40%), Dinkelvollkornmehl* (10%), Meersalz, natives Oliven\u00f6l extra *, Hefe* Kellerbrot aus Dinkelmehl Inhaltsstoffe: Dinkelmehl*(65%), Wasser, Meersalz, natives Oliven\u00f6l extra *, Hefe* Kellerbrot dunkel aus Dinkelmehl und Dinkelvollkornmehl Inhaltsstoffe: Wasser, Dinkelmehl*(40%), Dinkelvollkornmehl* (10%), Meersalz, natives Oliven\u00f6l extra *, Hefe* Olivenbrot aus Dinkelmehl mit Oliven Inhaltsstoffe: Dinkelmehl*(53%), Wasser, Oliven* (21%), Meersalz, natives Oliven\u00f6l extra *, Hefe* Sonnenblumenkernbrot aus Dinkelmehl, Dinkelvollkornmehl und Sonnenblumenkerne Inhaltsstoffe: Wasser, Dinkelmehl*(36%), Sonnenblumenkerne* (18%), Dinkelvollkornmehl* (9%), Meersalz, natives Oliven\u00f6l extra *, Hefe* Emmerbaguette aus Emmermehl, Emmervollkornmehl und Sesam natur Wasser, Emmermehl* (36%), Emmervollkornmehl* (24%), Sesam natur*, Meersalz, Hefe* *aus biologischer Landwirtschaft<\/p>","protected":false},"excerpt":{"rendered":"<p>Brot Unser Brot wird aus Dinkelteigen hergestellt, die nach der Teigbereitung erstmal ruhen. Bis zu 48 Stunden kann es schon mal dauern, bis der Teig zur Verarbeitung kommt. Mindestens aber sind es 24 Stunden. Das Brot finden sie in den Filialen von Pur S\u00fcdtirol Mugelen aus Dinkelmehl Inhaltsstoffe: Dinkelmehl*(65%), Wasser, Meersalz, natives Oliven\u00f6l extra *, &hellip;<\/p>","protected":false},"author":1,"featured_media":0,"parent":0,"menu_order":0,"comment_status":"closed","ping_status":"closed","template":"","meta":[],"_links":{"self":[{"href":"https:\/\/www.pastalpina.com\/it\/wp-json\/wp\/v2\/pages\/3864"}],"collection":[{"href":"https:\/\/www.pastalpina.com\/it\/wp-json\/wp\/v2\/pages"}],"about":[{"href":"https:\/\/www.pastalpina.com\/it\/wp-json\/wp\/v2\/types\/page"}],"author":[{"embeddable":true,"href":"https:\/\/www.pastalpina.com\/it\/wp-json\/wp\/v2\/users\/1"}],"replies":[{"embeddable":true,"href":"https:\/\/www.pastalpina.com\/it\/wp-json\/wp\/v2\/comments?post=3864"}],"version-history":[{"count":18,"href":"https:\/\/www.pastalpina.com\/it\/wp-json\/wp\/v2\/pages\/3864\/revisions"}],"predecessor-version":[{"id":3905,"href":"https:\/\/www.pastalpina.com\/it\/wp-json\/wp\/v2\/pages\/3864\/revisions\/3905"}],"wp:attachment":[{"href":"https:\/\/www.pastalpina.com\/it\/wp-json\/wp\/v2\/media?parent=3864"}],"curies":[{"name":"wp","href":"https:\/\/api.w.org\/{rel}","templated":true}]}}